{"id":900,"date":"2019-07-01T22:40:33","date_gmt":"2019-07-01T20:40:33","guid":{"rendered":"http:\/\/absurd.hexsite.pl\/?page_id=900"},"modified":"2020-04-22T21:20:32","modified_gmt":"2020-04-22T19:20:32","slug":"gebowzory","status":"publish","type":"page","link":"https:\/\/absurdion.pl\/index.php\/my-work\/gebowzory\/","title":{"rendered":"G\u0118BOWZORY"},"content":{"rendered":"\n<h4 class=\"has-text-align-center wp-block-heading\">Zestaw dyplomowy. MFF Kwadrat, 2018<\/h4>\n\n\n\n<p>\n\nJak odnale\u017c\u0107 si\u0119 w \u015bwiecie wyznaj\u0105cym kult pi\u0119kna, pe\u0142nym wyg\u0142adzonych i poprawionych twarzy, przes\u0142odzonych sesji fotograficznych i upi\u0119kszonych selfie? Gdzie wszystko ma by\u0107 szybko, \u0142adnie i na pokaz, a bezrefleksyjne masy poddaj\u0105 si\u0119 temu szale\u0144stwu. Szale\u0144stwu, kt\u00f3re staje si\u0119 coraz bardziej zara\u017aliwe i powszechne. A mo\u017ce jednak da si\u0119 sprawi\u0107, by by\u0142o nienudno, nieg\u0142upio i z charakterem? Wszak g\u0119ba ludzka jest taka plastyczna, zw\u0142aszcza, gdy uda si\u0119 zrzuci\u0107 mask\u0119 normalno\u015bci&#8230;&nbsp;Seria G\u0119bowzory powsta\u0142a z mi\u0142o\u015bci do Witkacego i jego poczucia humoru.&nbsp;Z dystansu do siebie i w\u0142asnej g\u0119by.&nbsp;Z niech\u0119ci do wylizanych portret\u00f3w.&nbsp;Bo takie &#8222;dziwne formy mo\u017ce przybiera\u0107 szale\u0144stwo ludzi zdrowych&#8221;*.<br>(* cyt. S.I. Witkiewicz &#8222;Po\u017cegnanie jesieni&#8221;)\n\n<\/p>\n\n\n\n<figure class=\"wp-block-gallery aligncenter columns-3 is-cropped wp-block-gallery-1 is-layout-flex wp-block-gallery-is-layout-flex\"><ul class=\"blocks-gallery-grid\"><li class=\"blocks-gallery-item\"><figure><a class=\"pinhole-popup-img\" href=http:\/\/absurd.hexsite.pl\/wp-content\/uploads\/2019\/07\/bycjakWitkacy-354.jpg data-caption=\"{&quot;caption&quot;:&quot;&quot;}\" data-size=\"{&quot;width&quot;:800,&quot;height&quot;:1067}\" data-meta=\"{}\"><img loading=\"lazy\" decoding=\"async\" width=\"768\" height=\"1024\" src=\"http:\/\/absurd.hexsite.pl\/wp-content\/uploads\/2019\/07\/bycjakWitkacy-354-768x1024.jpg\" alt=\"\" data-id=\"902\" data-link=\"http:\/\/absurd.hexsite.pl\/index.php\/my-work\/gebowzory\/bycjakwitkacy-354\/\" class=\"wp-image-902\" srcset=\"https:\/\/absurdion.pl\/wp-content\/uploads\/2019\/07\/bycjakWitkacy-354-768x1024.jpg 768w, https:\/\/absurdion.pl\/wp-content\/uploads\/2019\/07\/bycjakWitkacy-354-225x300.jpg 225w, https:\/\/absurdion.pl\/wp-content\/uploads\/2019\/07\/bycjakWitkacy-354-582x776.jpg 582w, https:\/\/absurdion.pl\/wp-content\/uploads\/2019\/07\/bycjakWitkacy-354-378x504.jpg 378w, https:\/\/absurdion.pl\/wp-content\/uploads\/2019\/07\/bycjakWitkacy-354-276x368.jpg 276w, https:\/\/absurdion.pl\/wp-content\/uploads\/2019\/07\/bycjakWitkacy-354-337x450.jpg 337w, https:\/\/absurdion.pl\/wp-content\/uploads\/2019\/07\/bycjakWitkacy-354.jpg 800w\" sizes=\"auto, (max-width: 768px) 100vw, 768px\" \/><\/a><\/figure><\/li><li class=\"blocks-gallery-item\"><figure><a class=\"pinhole-popup-img\" href=http:\/\/absurd.hexsite.pl\/wp-content\/uploads\/2019\/07\/bycjakWitkacy-316.jpg data-caption=\"{&quot;caption&quot;:&quot;&quot;}\" data-size=\"{&quot;width&quot;:800,&quot;height&quot;:1067}\" data-meta=\"{}\"><img loading=\"lazy\" decoding=\"async\" width=\"768\" height=\"1024\" src=\"http:\/\/absurd.hexsite.pl\/wp-content\/uploads\/2019\/07\/bycjakWitkacy-316-768x1024.jpg\" alt=\"\" data-id=\"901\" data-link=\"http:\/\/absurd.hexsite.pl\/index.php\/my-work\/gebowzory\/bycjakwitkacy-316\/\" class=\"wp-image-901\" srcset=\"https:\/\/absurdion.pl\/wp-content\/uploads\/2019\/07\/bycjakWitkacy-316-768x1024.jpg 768w, https:\/\/absurdion.pl\/wp-content\/uploads\/2019\/07\/bycjakWitkacy-316-225x300.jpg 225w, https:\/\/absurdion.pl\/wp-content\/uploads\/2019\/07\/bycjakWitkacy-316-582x776.jpg 582w, https:\/\/absurdion.pl\/wp-content\/uploads\/2019\/07\/bycjakWitkacy-316-378x504.jpg 378w, https:\/\/absurdion.pl\/wp-content\/uploads\/2019\/07\/bycjakWitkacy-316-276x368.jpg 276w, https:\/\/absurdion.pl\/wp-content\/uploads\/2019\/07\/bycjakWitkacy-316-337x450.jpg 337w, https:\/\/absurdion.pl\/wp-content\/uploads\/2019\/07\/bycjakWitkacy-316.jpg 800w\" sizes=\"auto, (max-width: 768px) 100vw, 768px\" \/><\/a><\/figure><\/li><li class=\"blocks-gallery-item\"><figure><a class=\"pinhole-popup-img\" href=http:\/\/absurd.hexsite.pl\/wp-content\/uploads\/2019\/07\/bycjakWitkacy-258.jpg data-caption=\"{&quot;caption&quot;:&quot;&quot;}\" data-size=\"{&quot;width&quot;:800,&quot;height&quot;:1066}\" data-meta=\"{}\"><img loading=\"lazy\" decoding=\"async\" width=\"768\" height=\"1024\" src=\"http:\/\/absurd.hexsite.pl\/wp-content\/uploads\/2019\/07\/bycjakWitkacy-258-768x1024.jpg\" alt=\"\" data-id=\"904\" data-link=\"http:\/\/absurd.hexsite.pl\/index.php\/my-work\/gebowzory\/bycjakwitkacy-258\/\" class=\"wp-image-904\" srcset=\"https:\/\/absurdion.pl\/wp-content\/uploads\/2019\/07\/bycjakWitkacy-258-768x1024.jpg 768w, https:\/\/absurdion.pl\/wp-content\/uploads\/2019\/07\/bycjakWitkacy-258-225x300.jpg 225w, https:\/\/absurdion.pl\/wp-content\/uploads\/2019\/07\/bycjakWitkacy-258-582x776.jpg 582w, https:\/\/absurdion.pl\/wp-content\/uploads\/2019\/07\/bycjakWitkacy-258-378x504.jpg 378w, https:\/\/absurdion.pl\/wp-content\/uploads\/2019\/07\/bycjakWitkacy-258-276x368.jpg 276w, https:\/\/absurdion.pl\/wp-content\/uploads\/2019\/07\/bycjakWitkacy-258-338x450.jpg 338w, https:\/\/absurdion.pl\/wp-content\/uploads\/2019\/07\/bycjakWitkacy-258.jpg 800w\" sizes=\"auto, (max-width: 768px) 100vw, 768px\" \/><\/a><\/figure><\/li><li class=\"blocks-gallery-item\"><figure><a class=\"pinhole-popup-img\" href=http:\/\/absurd.hexsite.pl\/wp-content\/uploads\/2019\/07\/Witkac-multi-.jpg data-caption=\"{&quot;caption&quot;:&quot;&quot;}\" data-size=\"{&quot;width&quot;:1000,&quot;height&quot;:1000}\" data-meta=\"{}\"><img loading=\"lazy\" decoding=\"async\" width=\"1000\" height=\"1000\" src=\"http:\/\/absurd.hexsite.pl\/wp-content\/uploads\/2019\/07\/Witkac-multi-.jpg\" alt=\"\" data-id=\"903\" data-link=\"http:\/\/absurd.hexsite.pl\/index.php\/my-work\/gebowzory\/witkac-multi\/\" class=\"wp-image-903\" srcset=\"https:\/\/absurdion.pl\/wp-content\/uploads\/2019\/07\/Witkac-multi-.jpg 1000w, https:\/\/absurdion.pl\/wp-content\/uploads\/2019\/07\/Witkac-multi--150x150.jpg 150w, https:\/\/absurdion.pl\/wp-content\/uploads\/2019\/07\/Witkac-multi--300x300.jpg 300w, https:\/\/absurdion.pl\/wp-content\/uploads\/2019\/07\/Witkac-multi--768x768.jpg 768w, https:\/\/absurdion.pl\/wp-content\/uploads\/2019\/07\/Witkac-multi--582x582.jpg 582w, https:\/\/absurdion.pl\/wp-content\/uploads\/2019\/07\/Witkac-multi--378x378.jpg 378w, https:\/\/absurdion.pl\/wp-content\/uploads\/2019\/07\/Witkac-multi--276x276.jpg 276w, https:\/\/absurdion.pl\/wp-content\/uploads\/2019\/07\/Witkac-multi--450x450.jpg 450w\" sizes=\"auto, (max-width: 1000px) 100vw, 1000px\" \/><\/a><\/figure><\/li><\/ul><\/figure>\n","protected":false},"excerpt":{"rendered":"<p>Zestaw dyplomowy. MFF Kwadrat, 2018 Jak odnale\u017c\u0107 si\u0119 w \u015bwiecie wyznaj\u0105cym kult pi\u0119kna, pe\u0142nym wyg\u0142adzonych i poprawionych twarzy, przes\u0142odzonych sesji fotograficznych i upi\u0119kszonych selfie? Gdzie wszystko ma by\u0107 szybko, \u0142adnie i na pokaz, a bezrefleksyjne masy poddaj\u0105 si\u0119 temu szale\u0144stwu. Szale\u0144stwu, kt\u00f3re staje si\u0119 coraz bardziej zara\u017aliwe i powszechne. A mo\u017ce jednak da si\u0119 sprawi\u0107, [&hellip;]<\/p>\n","protected":false},"author":2,"featured_media":901,"parent":841,"menu_order":2,"comment_status":"closed","ping_status":"closed","template":"template-galleries.php","meta":{"footnotes":""},"class_list":["post-900","page","type-page","status-publish","has-post-thumbnail","hentry"],"_links":{"self":[{"href":"https:\/\/absurdion.pl\/index.php\/wp-json\/wp\/v2\/pages\/900","targetHints":{"allow":["GET"]}}],"collection":[{"href":"https:\/\/absurdion.pl\/index.php\/wp-json\/wp\/v2\/pages"}],"about":[{"href":"https:\/\/absurdion.pl\/index.php\/wp-json\/wp\/v2\/types\/page"}],"author":[{"embeddable":true,"href":"https:\/\/absurdion.pl\/index.php\/wp-json\/wp\/v2\/users\/2"}],"replies":[{"embeddable":true,"href":"https:\/\/absurdion.pl\/index.php\/wp-json\/wp\/v2\/comments?post=900"}],"version-history":[{"count":6,"href":"https:\/\/absurdion.pl\/index.php\/wp-json\/wp\/v2\/pages\/900\/revisions"}],"predecessor-version":[{"id":1185,"href":"https:\/\/absurdion.pl\/index.php\/wp-json\/wp\/v2\/pages\/900\/revisions\/1185"}],"up":[{"embeddable":true,"href":"https:\/\/absurdion.pl\/index.php\/wp-json\/wp\/v2\/pages\/841"}],"wp:featuredmedia":[{"embeddable":true,"href":"https:\/\/absurdion.pl\/index.php\/wp-json\/wp\/v2\/media\/901"}],"wp:attachment":[{"href":"https:\/\/absurdion.pl\/index.php\/wp-json\/wp\/v2\/media?parent=900"}],"curies":[{"name":"wp","href":"https:\/\/api.w.org\/{rel}","templated":true}]}}