{"id":843,"date":"2019-06-30T20:48:22","date_gmt":"2019-06-30T18:48:22","guid":{"rendered":"http:\/\/absurd.hexsite.pl\/?page_id=843"},"modified":"2020-04-15T23:26:04","modified_gmt":"2020-04-15T21:26:04","slug":"about","status":"publish","type":"page","link":"https:\/\/absurdion.pl\/index.php\/about\/","title":{"rendered":"ABOUT"},"content":{"rendered":"\n<div class=\"wp-block-media-text alignwide\"><figure class=\"wp-block-media-text__media\"><img decoding=\"async\" src=\"http:\/\/absurd.hexsite.pl\/wp-content\/uploads\/2019\/06\/Ela-Blaszczyszyn-02-2017-2-of-18-e1561923040142.jpg\" alt=\"\" class=\"wp-image-862\"\/><\/figure><div class=\"wp-block-media-text__content\">\n<p style=\"font-size:16.2px\">Patrz\u0119 na \u015bwiat inaczej, czasami widz\u0119 wi\u0119cej. Odzyskuj\u0119 wzrok, gdy przyk\u0142adam do oka wizjer aparatu. Codzienne snapshoty coraz cz\u0119\u015bciej zapisuj\u0119 przy pomocy kom\u00f3rki, bo najlepszy aparat to ten, kt\u00f3ry ma si\u0119 przy sobie.<br>Zakochana w g\u0119bach Witkacego i wycinankach Szymborskiej.<br>Absolwentka Mi\u0119dzynarodowego Forum Fotografii \u201eKWADRAT\u201d we Wroc\u0142awiu.<\/p>\n\n\n\n<p>Wystawy:<br>Wystawa \u201eDYPLOMY\u201d, Muzeum Miejskie Wroc\u0142awia Arsena\u0142, 09.11.2018 wystawa zbiorowa<br>Wystawa podsumowuj\u0105ca projekt fotograficzny &#8222;24 HOURS PROJECT&#8221;, Kino Nowe Horyzonty, 21.01.2017 wystawa zbiorowa<\/p>\n<\/div><\/div>\n","protected":false},"excerpt":{"rendered":"<p>Patrz\u0119 na \u015bwiat inaczej, czasami widz\u0119 wi\u0119cej. Odzyskuj\u0119 wzrok, gdy przyk\u0142adam do oka wizjer aparatu. Codzienne snapshoty coraz cz\u0119\u015bciej zapisuj\u0119 przy pomocy kom\u00f3rki, bo najlepszy aparat to ten, kt\u00f3ry ma si\u0119 przy sobie.Zakochana w g\u0119bach Witkacego i wycinankach Szymborskiej.Absolwentka Mi\u0119dzynarodowego Forum Fotografii \u201eKWADRAT\u201d we Wroc\u0142awiu. Wystawy:Wystawa \u201eDYPLOMY\u201d, Muzeum Miejskie Wroc\u0142awia Arsena\u0142, 09.11.2018 wystawa zbiorowaWystawa podsumowuj\u0105ca [&hellip;]<\/p>\n","protected":false},"author":2,"featured_media":0,"parent":0,"menu_order":1,"comment_status":"closed","ping_status":"closed","template":"","meta":{"footnotes":""},"class_list":["post-843","page","type-page","status-publish","hentry"],"_links":{"self":[{"href":"https:\/\/absurdion.pl\/index.php\/wp-json\/wp\/v2\/pages\/843","targetHints":{"allow":["GET"]}}],"collection":[{"href":"https:\/\/absurdion.pl\/index.php\/wp-json\/wp\/v2\/pages"}],"about":[{"href":"https:\/\/absurdion.pl\/index.php\/wp-json\/wp\/v2\/types\/page"}],"author":[{"embeddable":true,"href":"https:\/\/absurdion.pl\/index.php\/wp-json\/wp\/v2\/users\/2"}],"replies":[{"embeddable":true,"href":"https:\/\/absurdion.pl\/index.php\/wp-json\/wp\/v2\/comments?post=843"}],"version-history":[{"count":5,"href":"https:\/\/absurdion.pl\/index.php\/wp-json\/wp\/v2\/pages\/843\/revisions"}],"predecessor-version":[{"id":922,"href":"https:\/\/absurdion.pl\/index.php\/wp-json\/wp\/v2\/pages\/843\/revisions\/922"}],"wp:attachment":[{"href":"https:\/\/absurdion.pl\/index.php\/wp-json\/wp\/v2\/media?parent=843"}],"curies":[{"name":"wp","href":"https:\/\/api.w.org\/{rel}","templated":true}]}}